{"id":35,"date":"2021-02-15T10:35:12","date_gmt":"2021-02-15T10:35:12","guid":{"rendered":"https:\/\/www.sbla.ch\/?page_id=35"},"modified":"2021-09-06T13:54:37","modified_gmt":"2021-09-06T13:54:37","slug":"home","status":"publish","type":"page","link":"https:\/\/www.sbla.ch\/","title":{"rendered":"Wir unterst\u00fctzen Sie !"},"content":{"rendered":"\t\t<div data-elementor-type=\"wp-page\" data-elementor-id=\"35\" class=\"elementor elementor-35\">\n\t\t\t\t\t\t\t\t\t<section class=\"elementor-section elementor-top-section elementor-element elementor-element-0b5a302 elementor-section-boxed elementor-section-height-default elementor-section-height-default\" data-id=\"0b5a302\" data-element_type=\"section\">\n\t\t\t\t\t\t<div class=\"elementor-container elementor-column-gap-default\">\n\t\t\t\t\t<div class=\"elementor-column elementor-col-33 elementor-top-column elementor-element elementor-element-e4bf335\" data-id=\"e4bf335\" data-element_type=\"column\">\n\t\t\t<div class=\"elementor-widget-wrap elementor-element-populated\">\n\t\t\t\t\t\t\t\t<section class=\"elementor-section elementor-inner-section elementor-element elementor-element-db6cc57 elementor-section-boxed elementor-section-height-default elementor-section-height-default\" data-id=\"db6cc57\" data-element_type=\"section\">\n\t\t\t\t\t\t<div class=\"elementor-container elementor-column-gap-default\">\n\t\t\t\t\t<div class=\"elementor-column elementor-col-50 elementor-inner-column elementor-element elementor-element-78799cf\" data-id=\"78799cf\" data-element_type=\"column\">\n\t\t\t<div class=\"elementor-widget-wrap elementor-element-populated\">\n\t\t\t\t\t\t\t\t<div class=\"elementor-element elementor-element-d0ebb23 elementor-widget elementor-widget-text-editor\" data-id=\"d0ebb23\" data-element_type=\"widget\" data-widget_type=\"text-editor.default\">\n\t\t\t\t<div class=\"elementor-widget-container\">\n\t\t\t\t\t\t\t<h1><strong>Blended Learning<\/strong><\/h1><p>oder Integriertes Lernen bezeichnet eine Lernform, die eine didaktisch sinnvolle Verkn\u00fcpfung von traditionellen Pr\u00e4senzveranstaltungen und modernen Formen von E-Learning anstrebt. Das Konzept verbindet die Effektivit\u00e4t und Flexibilit\u00e4t von elektronischen Lernformen mit den sozialen Aspekten der Face-to-Face-Kommunikation sowie dem praktischen Lernen von T\u00e4tigkeiten. Bei dieser Lernform werden verschiedene Lernmethoden, Medien miteinander kombiniert.<br \/>[Quelle Wikipedia]<\/p>\t\t\t\t\t\t<\/div>\n\t\t\t\t<\/div>\n\t\t\t\t<div class=\"elementor-element elementor-element-a150014 elementor-widget elementor-widget-image\" data-id=\"a150014\" data-element_type=\"widget\" data-widget_type=\"image.default\">\n\t\t\t\t<div class=\"elementor-widget-container\">\n\t\t\t\t\t\t\t\t\t\t\t\t\t\t\t<img decoding=\"async\" width=\"1024\" height=\"683\" src=\"https:\/\/www.sbla.ch\/wp-content\/uploads\/2021\/03\/pexels-startup-stock-photos-7102-1024x683.jpg\" class=\"attachment-large size-large wp-image-93\" alt=\"\" loading=\"lazy\" srcset=\"https:\/\/www.sbla.ch\/wp-content\/uploads\/2021\/03\/pexels-startup-stock-photos-7102-1024x683.jpg 1024w, https:\/\/www.sbla.ch\/wp-content\/uploads\/2021\/03\/pexels-startup-stock-photos-7102-300x200.jpg 300w, https:\/\/www.sbla.ch\/wp-content\/uploads\/2021\/03\/pexels-startup-stock-photos-7102-768x512.jpg 768w, https:\/\/www.sbla.ch\/wp-content\/uploads\/2021\/03\/pexels-startup-stock-photos-7102-1536x1024.jpg 1536w, https:\/\/www.sbla.ch\/wp-content\/uploads\/2021\/03\/pexels-startup-stock-photos-7102-2048x1365.jpg 2048w\" sizes=\"(max-width: 1024px) 100vw, 1024px\" \/>\t\t\t\t\t\t\t\t\t\t\t\t\t\t\t<\/div>\n\t\t\t\t<\/div>\n\t\t\t\t\t<\/div>\n\t\t<\/div>\n\t\t\t\t<div class=\"elementor-column elementor-col-50 elementor-inner-column elementor-element elementor-element-c0161ec\" data-id=\"c0161ec\" data-element_type=\"column\">\n\t\t\t<div class=\"elementor-widget-wrap\">\n\t\t\t\t\t\t\t\t\t<\/div>\n\t\t<\/div>\n\t\t\t\t\t\t\t<\/div>\n\t\t<\/section>\n\t\t\t\t\t<\/div>\n\t\t<\/div>\n\t\t\t\t<div class=\"elementor-column elementor-col-33 elementor-top-column elementor-element elementor-element-0f7e33c\" data-id=\"0f7e33c\" data-element_type=\"column\">\n\t\t\t<div class=\"elementor-widget-wrap elementor-element-populated\">\n\t\t\t\t\t\t\t\t<section class=\"elementor-section elementor-inner-section elementor-element elementor-element-84f4ec7 elementor-section-boxed elementor-section-height-default elementor-section-height-default\" data-id=\"84f4ec7\" data-element_type=\"section\">\n\t\t\t\t\t\t<div class=\"elementor-container elementor-column-gap-default\">\n\t\t\t\t\t<div class=\"elementor-column elementor-col-50 elementor-inner-column elementor-element elementor-element-bd558d1\" data-id=\"bd558d1\" data-element_type=\"column\">\n\t\t\t<div class=\"elementor-widget-wrap\">\n\t\t\t\t\t\t\t\t\t<\/div>\n\t\t<\/div>\n\t\t\t\t<div class=\"elementor-column elementor-col-50 elementor-inner-column elementor-element elementor-element-d8cf11c\" data-id=\"d8cf11c\" data-element_type=\"column\">\n\t\t\t<div class=\"elementor-widget-wrap elementor-element-populated\">\n\t\t\t\t\t\t\t\t<div class=\"elementor-element elementor-element-e5587ce elementor-widget elementor-widget-text-editor\" data-id=\"e5587ce\" data-element_type=\"widget\" data-widget_type=\"text-editor.default\">\n\t\t\t\t<div class=\"elementor-widget-container\">\n\t\t\t\t\t\t\t<h1><strong>Firmenkurse<\/strong><\/h1>\nWir sind die Spezialisten, wenn es um die betriebliche Ausbildung im Bereich Informatik geht. Wir bilden Ihre Mitarbeitenden\n<ul>\n \t<li><strong>vor Ort bei Ihnen<\/strong> oder<\/li>\n \t<li><strong>bei uns <\/strong>in modern eingerichteten Schulungsr\u00e4umen<\/li>\n<\/ul>\naus. Sie bestimmen den Inhalt der Schulung.\n\nWir entwickeln <span style=\"font-family: Roboto, sans-serif; font-size: 14px; font-style: normal; font-variant-ligatures: normal; font-variant-caps: normal; font-weight: 400; color: var( --e-global-color-text );\">f\u00fcr Sie<\/span><span style=\"font-family: Roboto, sans-serif; font-size: 14px; font-style: normal; font-variant-ligatures: normal; font-variant-caps: normal; font-weight: 400; color: var( --e-global-color-text );\">\u00a0<\/span><span style=\"font-size: 14px; color: var( --e-global-color-text );\">ein massgeschneidertes Ausbildungsprogramm.<\/span>\n<br><br>\nKontakt: <span style=\"font-size: 14px; color: var( --e-global-color-text );\"><a href=\"mailto:info@sbla.ch?subject=Anfrage f\u00fcr Firmenausbildung\">info[at]sbla.ch<\/a>\u00a0<\/span>\t\t\t\t\t\t<\/div>\n\t\t\t\t<\/div>\n\t\t\t\t\t<\/div>\n\t\t<\/div>\n\t\t\t\t\t\t\t<\/div>\n\t\t<\/section>\n\t\t\t\t\t<\/div>\n\t\t<\/div>\n\t\t\t\t<div class=\"elementor-column elementor-col-33 elementor-top-column elementor-element elementor-element-b70d54b\" data-id=\"b70d54b\" data-element_type=\"column\">\n\t\t\t<div class=\"elementor-widget-wrap elementor-element-populated\">\n\t\t\t\t\t\t\t\t<section class=\"elementor-section elementor-inner-section elementor-element elementor-element-3f9f4f0 elementor-section-boxed elementor-section-height-default elementor-section-height-default\" data-id=\"3f9f4f0\" data-element_type=\"section\">\n\t\t\t\t\t\t<div class=\"elementor-container elementor-column-gap-default\">\n\t\t\t\t\t<div class=\"elementor-column elementor-col-50 elementor-inner-column elementor-element elementor-element-ac79c0a\" data-id=\"ac79c0a\" data-element_type=\"column\">\n\t\t\t<div class=\"elementor-widget-wrap\">\n\t\t\t\t\t\t\t\t\t<\/div>\n\t\t<\/div>\n\t\t\t\t<div class=\"elementor-column elementor-col-50 elementor-inner-column elementor-element elementor-element-60775de\" data-id=\"60775de\" data-element_type=\"column\">\n\t\t\t<div class=\"elementor-widget-wrap elementor-element-populated\">\n\t\t\t\t\t\t\t\t<div class=\"elementor-element elementor-element-77ce33c elementor-widget elementor-widget-text-editor\" data-id=\"77ce33c\" data-element_type=\"widget\" data-widget_type=\"text-editor.default\">\n\t\t\t\t<div class=\"elementor-widget-container\">\n\t\t\t\t\t\t\t<h1><strong>Nachhilfe<\/strong><\/h1>\nEgal ob Sie kurz vor einer <strong>eidg. Pr\u00fcfung<\/strong> oder der <strong>QV<\/strong> (Lehrabschlusspr\u00fcfung) stehen, wir unterst\u00fctzen Sie professionell bei der Pr\u00fcfungsvorbereitung im Fach Informatik\/IKA.<br>\n<br>\nNehmen Sie mit uns Kontakt auf und wir vereinbaren ein erstes Online-Gespr\u00e4ch, um die Details zu kl\u00e4ren, wie wir Sie am besten unterst\u00fctzen k\u00f6nnen.\n<br><br>\nKontakt: <span style=\"font-size: 14px; color: var( --e-global-color-text );\"><a href=\"mailto:info@sbla.ch?subject=Anfrage f\u00fcr Nachhilfe\">info[at]sbla.ch<\/a>\u00a0<\/span>\t\t\t\t\t\t<\/div>\n\t\t\t\t<\/div>\n\t\t\t\t\t<\/div>\n\t\t<\/div>\n\t\t\t\t\t\t\t<\/div>\n\t\t<\/section>\n\t\t\t\t\t<\/div>\n\t\t<\/div>\n\t\t\t\t\t\t\t<\/div>\n\t\t<\/section>\n\t\t\t\t\t\t\t<\/div>\n\t\t","protected":false},"excerpt":{"rendered":"<p>Blended Learning oder Integriertes Lernen bezeichnet eine Lernform, die eine didaktisch sinnvolle Verkn\u00fcpfung von traditionellen Pr\u00e4senzveranstaltungen und modernen Formen von E-Learning anstrebt. Das Konzept verbindet die Effektivit\u00e4t und Flexibilit\u00e4t von elektronischen Lernformen mit den sozialen Aspekten der Face-to-Face-Kommunikation sowie dem praktischen Lernen von T\u00e4tigkeiten. Bei dieser Lernform werden verschiedene Lernmethoden, Medien miteinander kombiniert. [Quelle Wikipedia] [&hellip;]<\/p>\n","protected":false},"author":1,"featured_media":0,"parent":0,"menu_order":0,"comment_status":"closed","ping_status":"closed","template":"elementor_header_footer","meta":[],"_links":{"self":[{"href":"https:\/\/www.sbla.ch\/index.php\/wp-json\/wp\/v2\/pages\/35"}],"collection":[{"href":"https:\/\/www.sbla.ch\/index.php\/wp-json\/wp\/v2\/pages"}],"about":[{"href":"https:\/\/www.sbla.ch\/index.php\/wp-json\/wp\/v2\/types\/page"}],"author":[{"embeddable":true,"href":"https:\/\/www.sbla.ch\/index.php\/wp-json\/wp\/v2\/users\/1"}],"replies":[{"embeddable":true,"href":"https:\/\/www.sbla.ch\/index.php\/wp-json\/wp\/v2\/comments?post=35"}],"version-history":[{"count":92,"href":"https:\/\/www.sbla.ch\/index.php\/wp-json\/wp\/v2\/pages\/35\/revisions"}],"predecessor-version":[{"id":209,"href":"https:\/\/www.sbla.ch\/index.php\/wp-json\/wp\/v2\/pages\/35\/revisions\/209"}],"wp:attachment":[{"href":"https:\/\/www.sbla.ch\/index.php\/wp-json\/wp\/v2\/media?parent=35"}],"curies":[{"name":"wp","href":"https:\/\/api.w.org\/{rel}","templated":true}]}}